{"id":876,"date":"2023-02-27T20:53:41","date_gmt":"2023-02-27T20:53:41","guid":{"rendered":"https:\/\/financelife.strongholdthemes.com\/dummydata\/demo1\/?page_id=876"},"modified":"2026-02-16T21:38:16","modified_gmt":"2026-02-16T21:38:16","slug":"about","status":"publish","type":"page","link":"https:\/\/antalyahastayatagikiralama.com\/?page_id=876","title":{"rendered":"About"},"content":{"rendered":"\t\t<div data-elementor-type=\"wp-page\" data-elementor-id=\"876\" class=\"elementor elementor-876\">\n\t\t\t\t\t\t<section class=\"elementor-section elementor-top-section elementor-element elementor-element-1437574 elementor-section-boxed elementor-section-height-default elementor-section-height-default\" data-id=\"1437574\" data-element_type=\"section\">\n\t\t\t\t\t\t<div class=\"elementor-container elementor-column-gap-default\">\n\t\t\t\t\t<div class=\"elementor-column elementor-col-50 elementor-top-column elementor-element elementor-element-70671a8\" data-id=\"70671a8\" data-element_type=\"column\">\n\t\t\t<div class=\"elementor-widget-wrap elementor-element-populated\">\n\t\t\t\t\t\t<div class=\"elementor-element elementor-element-c5c0df5 elementor-widget elementor-widget-image\" data-id=\"c5c0df5\" data-element_type=\"widget\" data-widget_type=\"image.default\">\n\t\t\t\t\t\t\t\t\t\t\t\t\t\t\t<img fetchpriority=\"high\" decoding=\"async\" width=\"1024\" height=\"1024\" src=\"https:\/\/antalyahastayatagikiralama.com\/wp-content\/uploads\/2026\/01\/hasta-yatagi.png\" class=\"attachment-full size-full wp-image-2173\" alt=\"\" srcset=\"https:\/\/antalyahastayatagikiralama.com\/wp-content\/uploads\/2026\/01\/hasta-yatagi.png 1024w, https:\/\/antalyahastayatagikiralama.com\/wp-content\/uploads\/2026\/01\/hasta-yatagi-300x300.png 300w, https:\/\/antalyahastayatagikiralama.com\/wp-content\/uploads\/2026\/01\/hasta-yatagi-150x150.png 150w, https:\/\/antalyahastayatagikiralama.com\/wp-content\/uploads\/2026\/01\/hasta-yatagi-768x768.png 768w, https:\/\/antalyahastayatagikiralama.com\/wp-content\/uploads\/2026\/01\/hasta-yatagi-450x450.png 450w, https:\/\/antalyahastayatagikiralama.com\/wp-content\/uploads\/2026\/01\/hasta-yatagi-100x100.png 100w\" sizes=\"(max-width: 1024px) 100vw, 1024px\" \/>\t\t\t\t\t\t\t\t\t\t\t\t\t\t\t<\/div>\n\t\t\t\t\t<\/div>\n\t\t<\/div>\n\t\t\t\t<div class=\"elementor-column elementor-col-50 elementor-top-column elementor-element elementor-element-56781ac\" data-id=\"56781ac\" data-element_type=\"column\">\n\t\t\t<div class=\"elementor-widget-wrap elementor-element-populated\">\n\t\t\t\t\t\t<div class=\"elementor-element elementor-element-0c33a00 elementor-widget elementor-widget-financier-heading\" data-id=\"0c33a00\" data-element_type=\"widget\" data-widget_type=\"financier-heading.default\">\n\t\t\t\t<div class=\"elementor-widget-container\">\n\t\t\t\t\t<div class=\"stronghold-heading\"><div class=\"heading-title\"><h3 class=\"heading-title-element\">Neden Kristal Group? \n\n<\/h3><span class=\"heading-separator\"><\/span><\/div><\/div>\t\t\t\t<\/div>\n\t\t\t\t<\/div>\n\t\t\t\t<div class=\"elementor-element elementor-element-838a8e0 elementor-widget elementor-widget-text-editor\" data-id=\"838a8e0\" data-element_type=\"widget\" data-widget_type=\"text-editor.default\">\n\t\t\t\t\t\t\t\t\t<h2 data-path-to-node=\"2\">Antalya Hasta Yataklar\u0131<\/h2><p data-path-to-node=\"3\">Antalya genelinde, hastalar\u0131n\u0131z\u0131n tedavi s\u00fcrecini kolayla\u015ft\u0131rmak ve ya\u015fam kalitesini art\u0131rmak i\u00e7in profesyonel \u00e7\u00f6z\u00fcmler sunuyoruz.\u00a0<b data-path-to-node=\"3\" data-index-in-node=\"131\">2, 3 ve 4 motorlu hasta yataklar\u0131m\u0131z\u0131n<\/b>\u00a0hem sat\u0131\u015f\u0131n\u0131 hem de kiralama hizmetini, her b\u00fct\u00e7eye uygun rekabet\u00e7i fiyatlarla ger\u00e7ekle\u015ftiriyoruz.<\/p><p data-path-to-node=\"4\"><b data-path-to-node=\"4\" data-index-in-node=\"0\">Nakliye ve Kurulum Derdine Son!<\/b>\u00a0Sat\u0131n ald\u0131\u011f\u0131n\u0131z veya kiralad\u0131\u011f\u0131n\u0131z yata\u011f\u0131 adresinize bizzat getiriyor, kurulumunu odan\u0131zda tamamlay\u0131p kullan\u0131ma haz\u0131r halde teslim ediyoruz. Sizi teknik detaylarla yormuyor, t\u00fcm s\u00fcreci ekibimizle titizlikle y\u00f6netiyoruz.<\/p><p data-path-to-node=\"5\"><b data-path-to-node=\"5\" data-index-in-node=\"0\">Neden Bizi Se\u00e7melisiniz?<\/b>\u00a0Geni\u015f \u00fcr\u00fcn yelpazemizle ihtiyac\u0131n\u0131za en uygun (asans\u00f6rl\u00fc, trendelenburg \u00f6zellikli vb.) modeli birlikte belirliyoruz. Antalya\u2019n\u0131n yerel bir i\u015fletmesi olarak, h\u0131zl\u0131 teslimat ve kesintisiz teknik destek s\u00f6z\u00fcyle yan\u0131n\u0131zday\u0131z. Sa\u011fl\u0131\u011f\u0131n\u0131z ve konforunuz bizim i\u00e7in \u00f6nceliktir.<\/p>\t\t\t\t\t\t\t\t<\/div>\n\t\t\t\t\t<\/div>\n\t\t<\/div>\n\t\t\t\t\t<\/div>\n\t\t<\/section>\n\t\t\t\t<section class=\"elementor-section elementor-top-section elementor-element elementor-element-2f585db elementor-section-boxed elementor-section-height-default elementor-section-height-default\" data-id=\"2f585db\" data-element_type=\"section\" data-settings=\"{&quot;background_background&quot;:&quot;classic&quot;}\">\n\t\t\t\t\t\t<div class=\"elementor-container elementor-column-gap-default\">\n\t\t\t\t\t<div class=\"elementor-column elementor-col-50 elementor-top-column elementor-element elementor-element-9178107\" data-id=\"9178107\" data-element_type=\"column\">\n\t\t\t<div class=\"elementor-widget-wrap elementor-element-populated\">\n\t\t\t\t\t\t<div class=\"elementor-element elementor-element-af3d9c0 elementor-widget elementor-widget-financier-heading\" data-id=\"af3d9c0\" data-element_type=\"widget\" data-widget_type=\"financier-heading.default\">\n\t\t\t\t<div class=\"elementor-widget-container\">\n\t\t\t\t\t<div class=\"stronghold-heading\"><div class=\"heading-title\"><h3 class=\"heading-title-element\">Neden Kristal Group? \n\n<\/h3><span class=\"heading-separator\"><\/span><\/div><\/div>\t\t\t\t<\/div>\n\t\t\t\t<\/div>\n\t\t\t\t<div class=\"elementor-element elementor-element-78d99b7 elementor-widget elementor-widget-text-editor\" data-id=\"78d99b7\" data-element_type=\"widget\" data-widget_type=\"text-editor.default\">\n\t\t\t\t\t\t\t\t\t<div><ul><li><span class=\"css-1jxf684 r-bcqeeo r-1ttztb7 r-qvutc0 r-poiln3\"><span class=\"css-1jxf684 r-bcqeeo r-1ttztb7 r-qvutc0 r-poiln3 r-1x3r274\">Y\u0131llar\u0131n deneyimi ve Antalya&#8217;ya \u00f6zg\u00fc uzmanl\u0131k <\/span><\/span><\/li><li><span class=\"css-1jxf684 r-bcqeeo r-1ttztb7 r-qvutc0 r-poiln3\"><span class=\"css-1jxf684 r-bcqeeo r-1ttztb7 r-qvutc0 r-poiln3 r-1x3r274\">Kaliteli marka \u00fcr\u00fcnleri ve orijinal yedek par\u00e7a garantisi <\/span><\/span><\/li><li><span class=\"css-1jxf684 r-bcqeeo r-1ttztb7 r-qvutc0 r-poiln3\"><span class=\"css-1jxf684 r-bcqeeo r-1ttztb7 r-qvutc0 r-poiln3 r-1x3r274\">Profesyonel montaj, h\u0131zl\u0131 servis ve bak\u0131m ekipleri <\/span><\/span><\/li><li><span class=\"css-1jxf684 r-bcqeeo r-1ttztb7 r-qvutc0 r-poiln3\"><span class=\"css-1jxf684 r-bcqeeo r-1ttztb7 r-qvutc0 r-poiln3 r-1x3r274\">M\u00fc\u015fteri memnuniyetini her \u015feyin \u00fcst\u00fcnde tutan yakla\u015f\u0131m <\/span><\/span><\/li><li><span class=\"css-1jxf684 r-bcqeeo r-1ttztb7 r-qvutc0 r-poiln3\"><span class=\"css-1jxf684 r-bcqeeo r-1ttztb7 r-qvutc0 r-poiln3 r-1x3r274\">Medikal alanda tek \u00e7at\u0131 alt\u0131nda b\u00fct\u00fcnle\u015fik hizmet<\/span><\/span><\/li><\/ul><\/div>\t\t\t\t\t\t\t\t<\/div>\n\t\t\t\t\t<\/div>\n\t\t<\/div>\n\t\t\t\t<div class=\"elementor-column elementor-col-50 elementor-top-column elementor-element elementor-element-b26b3e8\" data-id=\"b26b3e8\" data-element_type=\"column\">\n\t\t\t<div class=\"elementor-widget-wrap elementor-element-populated\">\n\t\t\t\t\t\t<div class=\"elementor-element elementor-element-80d2c55 elementor-widget elementor-widget-financier-heading\" data-id=\"80d2c55\" data-element_type=\"widget\" data-widget_type=\"financier-heading.default\">\n\t\t\t\t<div class=\"elementor-widget-container\">\n\t\t\t\t\t<div class=\"stronghold-heading\"><div class=\"heading-title\"><h3 class=\"heading-title-element\"><\/h3><span class=\"heading-separator\"><\/span><\/div><\/div>\t\t\t\t<\/div>\n\t\t\t\t<\/div>\n\t\t\t\t<div class=\"elementor-element elementor-element-03bb26d elementor-widget elementor-widget-financier-info-list\" data-id=\"03bb26d\" data-element_type=\"widget\" data-widget_type=\"financier-info-list.default\">\n\t\t\t\t<div class=\"elementor-widget-container\">\n\t\t\t\t\t<div class=\"stronghold-info-list-wrapper\"><div class=\"stronghold-info-list-item\"><span class=\"stronghold-info-list-icon\"><i class=\"stronghold-info-list-icon-element fas fa-angle-double-right\"><\/i><\/span><div class=\"stronghold-info-list-content\"><div class=\"stronghold-info-list-title\"><\/div><div class=\"stronghold-info-list-desc\"><div>Sa\u011fl\u0131\u011f\u0131n\u0131z ve konforunuz bizim i\u00e7in \u00f6nceliklidir. Antalya ve \u00e7evresinde g\u00fcvenilir bir \u00e7\u00f6z\u00fcm orta\u011f\u0131 ar\u0131yorsan\u0131z, Kristal Group Antalya Hasta Yata\u011f\u0131 Kiralama her zaman yan\u0131n\u0131zda.\n\n<\/div><\/div><\/div><\/div><\/div>\t\t\t\t<\/div>\n\t\t\t\t<\/div>\n\t\t\t\t\t<\/div>\n\t\t<\/div>\n\t\t\t\t\t<\/div>\n\t\t<\/section>\n\t\t\t\t<\/div>\n\t\t","protected":false},"excerpt":{"rendered":"<p>Neden Kristal Group? Antalya Hasta Yataklar\u0131 Antalya genelinde, hastalar\u0131n\u0131z\u0131n tedavi s\u00fcrecini kolayla\u015ft\u0131rmak ve ya\u015fam kalitesini art\u0131rmak i\u00e7in profesyonel \u00e7\u00f6z\u00fcmler sunuyoruz.\u00a02, 3 ve 4 motorlu hasta yataklar\u0131m\u0131z\u0131n\u00a0hem sat\u0131\u015f\u0131n\u0131 hem de kiralama hizmetini, her b\u00fct\u00e7eye uygun rekabet\u00e7i fiyatlarla ger\u00e7ekle\u015ftiriyoruz. Nakliye ve Kurulum Derdine Son!\u00a0Sat\u0131n ald\u0131\u011f\u0131n\u0131z veya kiralad\u0131\u011f\u0131n\u0131z yata\u011f\u0131 adresinize bizzat getiriyor, kurulumunu odan\u0131zda tamamlay\u0131p kullan\u0131ma haz\u0131r halde [&hellip;]<\/p>\n","protected":false},"author":1,"featured_media":0,"parent":0,"menu_order":0,"comment_status":"closed","ping_status":"closed","template":"","meta":{"footnotes":""},"class_list":["post-876","page","type-page","status-publish","hentry"],"_links":{"self":[{"href":"https:\/\/antalyahastayatagikiralama.com\/index.php?rest_route=\/wp\/v2\/pages\/876","targetHints":{"allow":["GET"]}}],"collection":[{"href":"https:\/\/antalyahastayatagikiralama.com\/index.php?rest_route=\/wp\/v2\/pages"}],"about":[{"href":"https:\/\/antalyahastayatagikiralama.com\/index.php?rest_route=\/wp\/v2\/types\/page"}],"author":[{"embeddable":true,"href":"https:\/\/antalyahastayatagikiralama.com\/index.php?rest_route=\/wp\/v2\/users\/1"}],"replies":[{"embeddable":true,"href":"https:\/\/antalyahastayatagikiralama.com\/index.php?rest_route=%2Fwp%2Fv2%2Fcomments&post=876"}],"version-history":[{"count":19,"href":"https:\/\/antalyahastayatagikiralama.com\/index.php?rest_route=\/wp\/v2\/pages\/876\/revisions"}],"predecessor-version":[{"id":2226,"href":"https:\/\/antalyahastayatagikiralama.com\/index.php?rest_route=\/wp\/v2\/pages\/876\/revisions\/2226"}],"wp:attachment":[{"href":"https:\/\/antalyahastayatagikiralama.com\/index.php?rest_route=%2Fwp%2Fv2%2Fmedia&parent=876"}],"curies":[{"name":"wp","href":"https:\/\/api.w.org\/{rel}","templated":true}]}}